{"id":13,"date":"2024-01-27T18:54:12","date_gmt":"2024-01-27T17:54:12","guid":{"rendered":"https:\/\/staging.grundschule-birlenbach.de\/?page_id=13"},"modified":"2025-04-24T11:18:24","modified_gmt":"2025-04-24T09:18:24","slug":"startseite","status":"publish","type":"page","link":"https:\/\/www.grundschule-birlenbach.de\/","title":{"rendered":"Startseite"},"content":{"rendered":"\n<div class=\"wp-block-cover alignfull has-custom-content-position is-position-top-center\" style=\"padding-top:var(--wp--preset--spacing--50);padding-right:var(--wp--preset--spacing--50);padding-bottom:var(--wp--preset--spacing--50);padding-left:var(--wp--preset--spacing--50);min-height:345px;aspect-ratio:unset;\"><img loading=\"lazy\" decoding=\"async\" width=\"2560\" height=\"1152\" class=\"wp-block-cover__image-background wp-image-33\" alt=\"\" src=\"https:\/\/staging.grundschule-birlenbach.de\/wp-content\/uploads\/2024\/07\/IMG_20240712_160700-scaled.jpg\" style=\"object-position:52% 28%\" data-object-fit=\"cover\" data-object-position=\"52% 28%\" srcset=\"https:\/\/www.grundschule-birlenbach.de\/wp-content\/uploads\/2024\/07\/IMG_20240712_160700-scaled.jpg 2560w, https:\/\/www.grundschule-birlenbach.de\/wp-content\/uploads\/2024\/07\/IMG_20240712_160700-300x135.jpg 300w, https:\/\/www.grundschule-birlenbach.de\/wp-content\/uploads\/2024\/07\/IMG_20240712_160700-1024x461.jpg 1024w, https:\/\/www.grundschule-birlenbach.de\/wp-content\/uploads\/2024\/07\/IMG_20240712_160700-768x346.jpg 768w, https:\/\/www.grundschule-birlenbach.de\/wp-content\/uploads\/2024\/07\/IMG_20240712_160700-1536x691.jpg 1536w, https:\/\/www.grundschule-birlenbach.de\/wp-content\/uploads\/2024\/07\/IMG_20240712_160700-2048x922.jpg 2048w\" sizes=\"auto, (max-width: 2560px) 100vw, 2560px\" \/><span aria-hidden=\"true\" class=\"wp-block-cover__background has-base-background-color has-background-dim-0 has-background-dim\"><\/span><div class=\"wp-block-cover__inner-container is-layout-flow wp-block-cover-is-layout-flow\">\n<div style=\"height:213px\" aria-hidden=\"true\" class=\"wp-block-spacer\"><\/div>\n<\/div><\/div>\n\n\n\n<div class=\"wp-block-cover alignfull is-light has-custom-content-position is-position-top-center\" style=\"border-radius:0px;margin-top:-20px;padding-top:var(--wp--preset--spacing--50);padding-right:var(--wp--preset--spacing--50);padding-bottom:var(--wp--preset--spacing--50);padding-left:var(--wp--preset--spacing--50);min-height:337px;aspect-ratio:unset;\"><img loading=\"lazy\" decoding=\"async\" width=\"768\" height=\"432\" class=\"wp-block-cover__image-background wp-image-14\" alt=\"\" src=\"https:\/\/staging.grundschule-birlenbach.de\/wp-content\/uploads\/2024\/01\/Schule-Front.jpg\" style=\"object-position:55% 50%\" data-object-fit=\"cover\" data-object-position=\"55% 50%\" srcset=\"https:\/\/www.grundschule-birlenbach.de\/wp-content\/uploads\/2024\/01\/Schule-Front.jpg 768w, https:\/\/www.grundschule-birlenbach.de\/wp-content\/uploads\/2024\/01\/Schule-Front-300x169.jpg 300w\" sizes=\"auto, (max-width: 768px) 100vw, 768px\" \/><span aria-hidden=\"true\" class=\"wp-block-cover__background has-base-background-color has-background-dim-0 has-background-dim\"><\/span><div class=\"wp-block-cover__inner-container is-layout-flow wp-block-cover-is-layout-flow\">\n<div class=\"wp-block-group alignfull has-base-background-color has-background has-global-padding is-layout-constrained wp-container-core-group-is-layout-d89aad35 wp-block-group-is-layout-constrained\" style=\"margin-top:0;margin-bottom:0;padding-top:var(--wp--preset--spacing--50);padding-right:var(--wp--preset--spacing--50);padding-bottom:var(--wp--preset--spacing--50);padding-left:var(--wp--preset--spacing--50)\">\n<div class=\"wp-block-columns alignwide is-layout-flex wp-container-core-columns-is-layout-549b0c86 wp-block-columns-is-layout-flex\">\n<div class=\"wp-block-column has-global-padding is-content-justification-left is-layout-constrained wp-container-core-column-is-layout-4f15e8fe wp-block-column-is-layout-constrained\" style=\"flex-basis:40%\">\n<p>Eine Grundschule, an der Kinder wachsen k\u00f6nnen<\/p>\n\n\n\n<p><\/p>\n\n\n\n<p><\/p>\n\n\n\n<p><\/p>\n\n\n\n<p><\/p>\n\n\n\n<figure class=\"wp-block-image size-full\"><img loading=\"lazy\" decoding=\"async\" width=\"733\" height=\"875\" src=\"https:\/\/www.grundschule-birlenbach.de\/wp-content\/uploads\/2025\/04\/185_19_Logo_Digitalpakt_Schule.jpg\" alt=\"\" class=\"wp-image-193\" srcset=\"https:\/\/www.grundschule-birlenbach.de\/wp-content\/uploads\/2025\/04\/185_19_Logo_Digitalpakt_Schule.jpg 733w, https:\/\/www.grundschule-birlenbach.de\/wp-content\/uploads\/2025\/04\/185_19_Logo_Digitalpakt_Schule-251x300.jpg 251w\" sizes=\"auto, (max-width: 733px) 100vw, 733px\" \/><\/figure>\n<\/div>\n\n\n\n<div class=\"wp-block-column is-layout-flow wp-container-core-column-is-layout-119bc444 wp-block-column-is-layout-flow\" style=\"flex-basis:60%\">\n<p class=\"has-heading-font-family has-x-large-font-size\" style=\"line-height:1.2\">Die Grundschule Birlenbach ist eine kleine, lebendige Grundschule. In nur sechs Klassen lernen und wachsen 89 Kinder aus den Orten Birlenbach, Fachingen, Steinsberg und Wasenbach.<\/p>\n\n\n\n<div class=\"wp-block-columns is-layout-flex wp-container-core-columns-is-layout-87beb0d0 wp-block-columns-is-layout-flex\">\n<div class=\"wp-block-column is-layout-flow wp-block-column-is-layout-flow\">\n<p class=\"wp-container-content-9cfa9a5a\">Die Schule legt gro\u00dfen Wert auf das menschliche Miteinander und einen konstruktiven Umgang miteinander. Die Kinder lernen, wie wichtig es ist, anderen zuzuh\u00f6ren, ihre Meinungen zu respektieren und konstruktiv auf Konflikte zu reagieren. Dar\u00fcber hinaus wird in dieser Schule nicht nur Wissen vermittelt, sondern auch soziales Handeln gef\u00f6rdert. Die Kinder lernen, Verantwortung f\u00fcr sich selbst, f\u00fcr andere und f\u00fcr ihre Umgebung zu \u00fcbernehmen. Sie werden ermutigt, sich aktiv in die Gemeinschaft einzubringen und einen positiven Beitrag zu leisten.<\/p>\n<\/div>\n\n\n\n<div class=\"wp-block-column is-layout-flow wp-block-column-is-layout-flow\">\n<p>An der Grundschule  Birlenbach ist Bildung mehr als nur das Erlernen von Fakten. Es geht darum, die Kinder auf ihrem Weg zu begleiten und sie dabei zu unterst\u00fctzen, ihr volles Potenzial zu entfalten. <br>Sie ist ein Ort, an dem Kinder lernen, wachsen und sich ent-wickeln k\u00f6nnen, und das macht sie zu einem ganz besonderen Ort.<\/p>\n<\/div>\n<\/div>\n<\/div>\n<\/div>\n<\/div>\n\n\n\n<div style=\"height:0px\" aria-hidden=\"true\" class=\"wp-block-spacer\"><\/div>\n<\/div><\/div>\n","protected":false},"excerpt":{"rendered":"","protected":false},"author":1,"featured_media":0,"parent":0,"menu_order":0,"comment_status":"closed","ping_status":"closed","template":"page-no-title","meta":{"inline_featured_image":false,"footnotes":""},"class_list":["post-13","page","type-page","status-publish","hentry"],"_links":{"self":[{"href":"https:\/\/www.grundschule-birlenbach.de\/index.php?rest_route=\/wp\/v2\/pages\/13","targetHints":{"allow":["GET"]}}],"collection":[{"href":"https:\/\/www.grundschule-birlenbach.de\/index.php?rest_route=\/wp\/v2\/pages"}],"about":[{"href":"https:\/\/www.grundschule-birlenbach.de\/index.php?rest_route=\/wp\/v2\/types\/page"}],"author":[{"embeddable":true,"href":"https:\/\/www.grundschule-birlenbach.de\/index.php?rest_route=\/wp\/v2\/users\/1"}],"replies":[{"embeddable":true,"href":"https:\/\/www.grundschule-birlenbach.de\/index.php?rest_route=%2Fwp%2Fv2%2Fcomments&post=13"}],"version-history":[{"count":14,"href":"https:\/\/www.grundschule-birlenbach.de\/index.php?rest_route=\/wp\/v2\/pages\/13\/revisions"}],"predecessor-version":[{"id":194,"href":"https:\/\/www.grundschule-birlenbach.de\/index.php?rest_route=\/wp\/v2\/pages\/13\/revisions\/194"}],"wp:attachment":[{"href":"https:\/\/www.grundschule-birlenbach.de\/index.php?rest_route=%2Fwp%2Fv2%2Fmedia&parent=13"}],"curies":[{"name":"wp","href":"https:\/\/api.w.org\/{rel}","templated":true}]}}