{"id":83,"date":"2024-08-17T11:29:33","date_gmt":"2024-08-17T09:29:33","guid":{"rendered":"https:\/\/staging.grundschule-birlenbach.de\/?page_id=83"},"modified":"2024-08-17T11:36:49","modified_gmt":"2024-08-17T09:36:49","slug":"seb","status":"publish","type":"page","link":"https:\/\/www.grundschule-birlenbach.de\/?page_id=83","title":{"rendered":"SEB"},"content":{"rendered":"\n<div class=\"wp-block-group alignfull has-global-padding is-layout-constrained wp-container-core-group-is-layout-490fa1db wp-block-group-is-layout-constrained\" style=\"padding-top:var(--wp--preset--spacing--50);padding-right:var(--wp--preset--spacing--50);padding-bottom:var(--wp--preset--spacing--50);padding-left:var(--wp--preset--spacing--50)\">\n<div class=\"wp-block-group has-global-padding is-layout-constrained wp-container-core-group-is-layout-650790e1 wp-block-group-is-layout-constrained\">\n<h1 class=\"wp-block-heading has-text-align-center has-system-sans-serif-font-family has-xx-large-font-size\">Schulelternbeirat<\/h1>\n\n\n\n<div style=\"height:1.25rem\" aria-hidden=\"true\" class=\"wp-block-spacer\"><\/div>\n\n\n\n<p class=\"has-text-align-center\"><strong>Der Schulelternbeirat  ist ein wichtiges Bindeglied zwischen Eltern und Schule. Er wirkt bei allen Angelegenheiten, die f\u00fcr die Schule von Bedeutung sind, beratend mit.<\/strong><\/p>\n\n\n\n<div style=\"height:1.25rem\" aria-hidden=\"true\" class=\"wp-block-spacer\"><\/div>\n<\/div>\n\n\n\n<div style=\"height:14px\" aria-hidden=\"true\" class=\"wp-block-spacer\"><\/div>\n\n\n\n<figure class=\"wp-block-image alignwide size-full is-style-rounded is-style-rounded--1\"><img loading=\"lazy\" decoding=\"async\" width=\"2560\" height=\"2316\" src=\"https:\/\/staging.grundschule-birlenbach.de\/wp-content\/uploads\/2024\/08\/SEB-scaled.jpg\" alt=\"\" class=\"wp-image-85\" srcset=\"https:\/\/www.grundschule-birlenbach.de\/wp-content\/uploads\/2024\/08\/SEB-scaled.jpg 2560w, https:\/\/www.grundschule-birlenbach.de\/wp-content\/uploads\/2024\/08\/SEB-300x271.jpg 300w, https:\/\/www.grundschule-birlenbach.de\/wp-content\/uploads\/2024\/08\/SEB-1024x926.jpg 1024w, https:\/\/www.grundschule-birlenbach.de\/wp-content\/uploads\/2024\/08\/SEB-768x695.jpg 768w, https:\/\/www.grundschule-birlenbach.de\/wp-content\/uploads\/2024\/08\/SEB-1536x1390.jpg 1536w, https:\/\/www.grundschule-birlenbach.de\/wp-content\/uploads\/2024\/08\/SEB-2048x1853.jpg 2048w\" sizes=\"auto, (max-width: 2560px) 100vw, 2560px\" \/><\/figure>\n\n\n\n<div class=\"wp-block-group is-nowrap is-layout-flex wp-container-core-group-is-layout-6c531013 wp-block-group-is-layout-flex\">\n<p>Von links nach rechts: <br>Steffen Schulz, Helena Eksberg, Peter Bl\u00fcmling (Schulelternsprecher), Katharina Leonhard, Markus K\u00fcmmel, Sebastian Kuhmann<\/p>\n<\/div>\n<\/div>\n","protected":false},"excerpt":{"rendered":"<p>Schulelternbeirat Der Schulelternbeirat ist ein wichtiges Bindeglied zwischen Eltern und Schule. Er wirkt bei allen Angelegenheiten, die f\u00fcr die Schule von Bedeutung sind, beratend mit. Von links nach rechts: Steffen Schulz, Helena Eksberg, Peter Bl\u00fcmling (Schulelternsprecher), Katharina Leonhard, Markus K\u00fcmmel, Sebastian Kuhmann<\/p>\n","protected":false},"author":1,"featured_media":0,"parent":0,"menu_order":0,"comment_status":"closed","ping_status":"closed","template":"","meta":{"inline_featured_image":false,"footnotes":""},"class_list":["post-83","page","type-page","status-publish","hentry"],"_links":{"self":[{"href":"https:\/\/www.grundschule-birlenbach.de\/index.php?rest_route=\/wp\/v2\/pages\/83","targetHints":{"allow":["GET"]}}],"collection":[{"href":"https:\/\/www.grundschule-birlenbach.de\/index.php?rest_route=\/wp\/v2\/pages"}],"about":[{"href":"https:\/\/www.grundschule-birlenbach.de\/index.php?rest_route=\/wp\/v2\/types\/page"}],"author":[{"embeddable":true,"href":"https:\/\/www.grundschule-birlenbach.de\/index.php?rest_route=\/wp\/v2\/users\/1"}],"replies":[{"embeddable":true,"href":"https:\/\/www.grundschule-birlenbach.de\/index.php?rest_route=%2Fwp%2Fv2%2Fcomments&post=83"}],"version-history":[{"count":4,"href":"https:\/\/www.grundschule-birlenbach.de\/index.php?rest_route=\/wp\/v2\/pages\/83\/revisions"}],"predecessor-version":[{"id":92,"href":"https:\/\/www.grundschule-birlenbach.de\/index.php?rest_route=\/wp\/v2\/pages\/83\/revisions\/92"}],"wp:attachment":[{"href":"https:\/\/www.grundschule-birlenbach.de\/index.php?rest_route=%2Fwp%2Fv2%2Fmedia&parent=83"}],"curies":[{"name":"wp","href":"https:\/\/api.w.org\/{rel}","templated":true}]}}